{"id":14,"date":"2016-02-01T08:29:05","date_gmt":"2016-02-01T07:29:05","guid":{"rendered":"http:\/\/alain-marie.fr\/?page_id=14"},"modified":"2025-03-25T09:25:09","modified_gmt":"2025-03-25T08:25:09","slug":"contact","status":"publish","type":"page","link":"https:\/\/alain-marie.fr\/?page_id=14","title":{"rendered":"Contact"},"content":{"rendered":"\n<div class=\"wp-block-columns is-layout-flex wp-container-core-columns-is-layout-9d6595d7 wp-block-columns-is-layout-flex\">\n<div class=\"wp-block-column is-layout-flow wp-block-column-is-layout-flow\">\n<div class=\"wp-block-contact-form-7-contact-form-selector\">\n<div class=\"wpcf7 no-js\" id=\"wpcf7-f20898-o1\" lang=\"fr-FR\" dir=\"ltr\" data-wpcf7-id=\"20898\">\n<div class=\"screen-reader-response\"><p role=\"status\" aria-live=\"polite\" aria-atomic=\"true\"><\/p> <ul><\/ul><\/div>\n<form action=\"\/index.php?rest_route=%2Fwp%2Fv2%2Fpages%2F14#wpcf7-f20898-o1\" method=\"post\" class=\"wpcf7-form init\" aria-label=\"Formulaire de contact\" novalidate=\"novalidate\" data-status=\"init\">\n<fieldset class=\"hidden-fields-container\"><input type=\"hidden\" name=\"_wpcf7\" value=\"20898\" \/><input type=\"hidden\" name=\"_wpcf7_version\" value=\"6.1.5\" \/><input type=\"hidden\" name=\"_wpcf7_locale\" value=\"fr_FR\" \/><input type=\"hidden\" name=\"_wpcf7_unit_tag\" value=\"wpcf7-f20898-o1\" \/><input type=\"hidden\" name=\"_wpcf7_container_post\" value=\"0\" \/><input type=\"hidden\" name=\"_wpcf7_posted_data_hash\" value=\"\" \/><input type=\"hidden\" name=\"_wpcf7_recaptcha_response\" value=\"\" \/>\n<\/fieldset>\n<p><label> Votre nom<br \/>\n<span class=\"wpcf7-form-control-wrap\" data-name=\"your-name\"><input size=\"40\" maxlength=\"400\" class=\"wpcf7-form-control wpcf7-text wpcf7-validates-as-required\" autocomplete=\"name\" aria-required=\"true\" aria-invalid=\"false\" value=\"\" type=\"text\" name=\"your-name\" \/><\/span> <\/label>\n<\/p>\n<p><label> Votre e-mail<br \/>\n<span class=\"wpcf7-form-control-wrap\" data-name=\"your-email\"><input size=\"40\" maxlength=\"400\" class=\"wpcf7-form-control wpcf7-email wpcf7-validates-as-required wpcf7-text wpcf7-validates-as-email\" autocomplete=\"email\" aria-required=\"true\" aria-invalid=\"false\" value=\"\" type=\"email\" name=\"your-email\" \/><\/span> <\/label>\n<\/p>\n<p><label> Votre t\u00e9l\u00e9phone (facultatif)<br \/>\n<span class=\"wpcf7-form-control-wrap\" data-name=\"tel-616\"><input size=\"40\" maxlength=\"400\" class=\"wpcf7-form-control wpcf7-tel wpcf7-text wpcf7-validates-as-tel\" aria-invalid=\"false\" value=\"\" type=\"tel\" name=\"tel-616\" \/><\/span><br \/>\n<\/label>\n<\/p>\n<p><label> Objet<br \/>\n<span class=\"wpcf7-form-control-wrap\" data-name=\"your-subject\"><input size=\"40\" maxlength=\"400\" class=\"wpcf7-form-control wpcf7-text wpcf7-validates-as-required\" aria-required=\"true\" aria-invalid=\"false\" value=\"\" type=\"text\" name=\"your-subject\" \/><\/span> <\/label>\n<\/p>\n<p><label> Votre message (facultatif)<br \/>\n<span class=\"wpcf7-form-control-wrap\" data-name=\"your-message\"><textarea cols=\"40\" rows=\"10\" maxlength=\"2000\" class=\"wpcf7-form-control wpcf7-textarea\" aria-invalid=\"false\" name=\"your-message\"><\/textarea><\/span> <\/label>\n<\/p>\n<p><input class=\"wpcf7-form-control wpcf7-submit has-spinner\" type=\"submit\" value=\"Envoyer\" \/>\n<\/p><div class=\"wpcf7-response-output\" aria-hidden=\"true\"><\/div>\n<\/form>\n<\/div>\n<\/div>\n<\/div>\n\n\n\n<div class=\"wp-block-column is-layout-flow wp-block-column-is-layout-flow\">\n<p><strong>ALAIN&nbsp;\u2013 MARIE PARMENTIER<\/strong><\/p>\n\n\n\n<p>Sculpteur Plasticien<br>11Bis Avenue Emile Boissier<br>44000 Nantes<\/p>\n<\/div>\n<\/div>\n\n\n\n<p><\/p>\n\n\n\n<p> *****   <a href=\"https:\/\/alain-marie.fr\/?page_id=14#avantages\" data-type=\"page\" data-id=\"14\"> Incitation Fiscale 2023<\/a>  ****<\/p>\n\n\n\n<p>Maison des Artistes n\u00b0 P309 235 &#8211; SIRET   444 424 063 00022 &#8211; APE9003A<\/p>\n\n\n\n<hr class=\"wp-block-separator has-alpha-channel-opacity is-style-dots\"\/>\n\n\n\n<hr class=\"wp-block-separator has-alpha-channel-opacity is-style-wide\"\/>\n\n\n\n<hr class=\"wp-block-separator has-alpha-channel-opacity is-style-dots\"\/>\n\n\n\n<p><\/p>\n\n\n\n<p><\/p>\n\n\n\n<div class=\"wp-block-columns has-sitebg-background-color has-background is-layout-flex wp-container-core-columns-is-layout-9d6595d7 wp-block-columns-is-layout-flex\">\n<div class=\"wp-block-column is-layout-flow wp-block-column-is-layout-flow\"><div class=\"wp-block-image\">\n<figure class=\"aligncenter size-full\"><a href=\"https:\/\/www.adagp.fr\" target=\"_blank\" rel=\"noreferrer noopener\"><img loading=\"lazy\" decoding=\"async\" width=\"1024\" height=\"456\" src=\"https:\/\/alain-marie.fr\/wp-content\/uploads\/2023\/03\/3-logo-adagp.png\" alt=\"\" class=\"wp-image-21624\" srcset=\"https:\/\/alain-marie.fr\/wp-content\/uploads\/2023\/03\/3-logo-adagp.png 1024w, https:\/\/alain-marie.fr\/wp-content\/uploads\/2023\/03\/3-logo-adagp-300x134.png 300w, https:\/\/alain-marie.fr\/wp-content\/uploads\/2023\/03\/3-logo-adagp-150x67.png 150w, https:\/\/alain-marie.fr\/wp-content\/uploads\/2023\/03\/3-logo-adagp-768x342.png 768w, https:\/\/alain-marie.fr\/wp-content\/uploads\/2023\/03\/3-logo-adagp-674x300.png 674w\" sizes=\"auto, (max-width: 1024px) 100vw, 1024px\" \/><\/a><\/figure>\n<\/div><\/div>\n\n\n\n<div class=\"wp-block-column is-layout-flow wp-block-column-is-layout-flow\"><div class=\"wp-block-image is-style-default\">\n<figure class=\"aligncenter size-full is-resized\"><a href=\"https:\/\/www.taylor.fr\/\" target=\"_blank\" rel=\"noreferrer noopener\"><img loading=\"lazy\" decoding=\"async\" width=\"300\" height=\"300\" src=\"https:\/\/alain-marie.fr\/wp-content\/uploads\/2023\/03\/2-logo_taylor-300x300-1.png\" alt=\"\" class=\"wp-image-21621\" style=\"width:185px;height:185px\" srcset=\"https:\/\/alain-marie.fr\/wp-content\/uploads\/2023\/03\/2-logo_taylor-300x300-1.png 300w, https:\/\/alain-marie.fr\/wp-content\/uploads\/2023\/03\/2-logo_taylor-300x300-1-150x150.png 150w\" sizes=\"auto, (max-width: 300px) 100vw, 300px\" \/><\/a><\/figure>\n<\/div><\/div>\n\n\n\n<div class=\"wp-block-column is-layout-flow wp-block-column-is-layout-flow\"><div class=\"wp-block-image\">\n<figure class=\"aligncenter size-full is-resized\"><a href=\"http:\/\/www.cnfap-artsplastiques.org\/\" target=\"_blank\" rel=\"noreferrer noopener\"><img loading=\"lazy\" decoding=\"async\" width=\"300\" height=\"300\" src=\"https:\/\/alain-marie.fr\/wp-content\/uploads\/2023\/03\/2-logo_cnfap-300x300-1.png\" alt=\"\" class=\"wp-image-21618\" style=\"width:158px;height:158px\" srcset=\"https:\/\/alain-marie.fr\/wp-content\/uploads\/2023\/03\/2-logo_cnfap-300x300-1.png 300w, https:\/\/alain-marie.fr\/wp-content\/uploads\/2023\/03\/2-logo_cnfap-300x300-1-150x150.png 150w\" sizes=\"auto, (max-width: 300px) 100vw, 300px\" \/><\/a><\/figure>\n<\/div><\/div>\n<\/div>\n\n\n\n<div class=\"wp-block-columns has-sitebg-background-color has-background is-layout-flex wp-container-core-columns-is-layout-9d6595d7 wp-block-columns-is-layout-flex\">\n<div class=\"wp-block-column is-layout-flow wp-block-column-is-layout-flow\"><div class=\"wp-block-image\">\n<figure class=\"aligncenter size-full is-resized\"><a href=\"https:\/\/www.ateliersdart.com\/\" target=\"_blank\" rel=\"noreferrer noopener\"><img loading=\"lazy\" decoding=\"async\" width=\"300\" height=\"300\" src=\"https:\/\/alain-marie.fr\/wp-content\/uploads\/2023\/03\/2-logo_aaf-300x300-1.png\" alt=\"\" class=\"wp-image-21616\" style=\"height:160px\" srcset=\"https:\/\/alain-marie.fr\/wp-content\/uploads\/2023\/03\/2-logo_aaf-300x300-1.png 300w, https:\/\/alain-marie.fr\/wp-content\/uploads\/2023\/03\/2-logo_aaf-300x300-1-150x150.png 150w\" sizes=\"auto, (max-width: 300px) 100vw, 300px\" \/><\/a><\/figure>\n<\/div><\/div>\n\n\n\n<div class=\"wp-block-column is-layout-flow wp-block-column-is-layout-flow\"><div class=\"wp-block-image\">\n<figure class=\"aligncenter size-full is-resized\"><a href=\"https:\/\/www.sculpteurs-plasticiens.org\/\" target=\"_blank\" rel=\"noreferrer noopener\"><img loading=\"lazy\" decoding=\"async\" width=\"300\" height=\"300\" src=\"https:\/\/alain-marie.fr\/wp-content\/uploads\/2023\/03\/2-logo_snsp-300x300-1.png\" alt=\"\" class=\"wp-image-21620\" style=\"height:160px\" srcset=\"https:\/\/alain-marie.fr\/wp-content\/uploads\/2023\/03\/2-logo_snsp-300x300-1.png 300w, https:\/\/alain-marie.fr\/wp-content\/uploads\/2023\/03\/2-logo_snsp-300x300-1-150x150.png 150w\" sizes=\"auto, (max-width: 300px) 100vw, 300px\" \/><\/a><\/figure>\n<\/div><\/div>\n\n\n\n<div class=\"wp-block-column is-layout-flow wp-block-column-is-layout-flow\"><div class=\"wp-block-image\">\n<figure class=\"aligncenter size-full is-resized\"><img loading=\"lazy\" decoding=\"async\" width=\"300\" height=\"300\" src=\"https:\/\/alain-marie.fr\/wp-content\/uploads\/2023\/03\/2-logo_sef-300x300-1.png\" alt=\"\" class=\"wp-image-21619\" style=\"height:160px\" srcset=\"https:\/\/alain-marie.fr\/wp-content\/uploads\/2023\/03\/2-logo_sef-300x300-1.png 300w, https:\/\/alain-marie.fr\/wp-content\/uploads\/2023\/03\/2-logo_sef-300x300-1-150x150.png 150w\" sizes=\"auto, (max-width: 300px) 100vw, 300px\" \/><\/figure>\n<\/div><\/div>\n<\/div>\n\n\n\n<div class=\"wp-block-columns has-sitebg-background-color has-background is-layout-flex wp-container-core-columns-is-layout-9d6595d7 wp-block-columns-is-layout-flex\">\n<div class=\"wp-block-column is-layout-flow wp-block-column-is-layout-flow\"><div class=\"wp-block-image\">\n<figure class=\"aligncenter size-full is-resized\"><a href=\"https:\/\/www.aralya.fr\/artistes\/?qa=Alain-Marie+PARMENTIER\" target=\"_blank\" rel=\"noreferrer noopener\"><img loading=\"lazy\" decoding=\"async\" width=\"1080\" height=\"1920\" src=\"https:\/\/alain-marie.fr\/wp-content\/uploads\/2025\/03\/Oeuvre-Aralya.jpg\" alt=\"\" class=\"wp-image-23218\" style=\"width:220px;height:auto\" srcset=\"https:\/\/alain-marie.fr\/wp-content\/uploads\/2025\/03\/Oeuvre-Aralya.jpg 1080w, https:\/\/alain-marie.fr\/wp-content\/uploads\/2025\/03\/Oeuvre-Aralya-169x300.jpg 169w, https:\/\/alain-marie.fr\/wp-content\/uploads\/2025\/03\/Oeuvre-Aralya-576x1024.jpg 576w, https:\/\/alain-marie.fr\/wp-content\/uploads\/2025\/03\/Oeuvre-Aralya-84x150.jpg 84w, https:\/\/alain-marie.fr\/wp-content\/uploads\/2025\/03\/Oeuvre-Aralya-768x1365.jpg 768w, https:\/\/alain-marie.fr\/wp-content\/uploads\/2025\/03\/Oeuvre-Aralya-864x1536.jpg 864w\" sizes=\"auto, (max-width: 1080px) 100vw, 1080px\" \/><\/a><\/figure>\n<\/div><\/div>\n\n\n\n<div class=\"wp-block-column is-layout-flow wp-block-column-is-layout-flow\"><\/div>\n\n\n\n<div class=\"wp-block-column is-layout-flow wp-block-column-is-layout-flow\"><\/div>\n<\/div>\n\n\n\n<p id=\"avantages\"><strong>INCITATION FISCALE POUR L\u2019ACHAT D&rsquo;\u0152UVRES D&rsquo;ART PAR LES ENTREPRISES&nbsp;<\/strong><\/p>\n\n\n\n<p>Pour faire entrer l\u2019art dans les entreprises, faire conna\u00eetre l\u2019art au grand public et soutenir les artistes. <strong>Avantage fiscal limit\u00e9 \u00e0 20 000 \u20ac ou \u00e0 5 pour mille du Chiffre d\u2019Affaires, lorsque le CA est sup\u00e9rieur \u00e0 20 000 \u20ac.<\/strong><\/p>\n\n\n\n<p>Selon l\u2019article 238 bis AB du code g\u00e9n\u00e9ral des imp\u00f4ts, les entreprises qui acqui\u00e8rent des \u0153uvres originales d\u2019artistes vivants ou des instruments de musiques peuvent d\u00e9duire une somme \u00e9gale au prix d\u2019acquisition de telles \u0153uvres ou instruments du r\u00e9sultat imposable de l\u2019exercice au cours duquel l\u2019acquisition a \u00e9t\u00e9 r\u00e9alis\u00e9e et des quatre exercices suivants, par fractions \u00e9gales.<\/p>\n\n\n\n<p>Cet avantage fiscal est notamment subordonn\u00e9 au respect des r\u00e8gles suivantes :<\/p>\n\n\n\n<p>\u2022 L\u2019entreprise doit exposer l\u2019\u0153uvre d\u2019art dans un dans un lieu accessible au public ou \u00e0 ses salari\u00e9s durant l\u2019exercice d\u2019acquisition et les quatre exercices suivants&nbsp;;<\/p>\n\n\n\n<p>\u2022 S\u2019agissant des instruments de musiques, l\u2019entreprise doit s\u2019engager \u00e0 les pr\u00eater aux artistes interpr\u00e8tes qui en font la demande ;<\/p>\n\n\n\n<p>\u2022 L\u2019entreprise doit inscrire \u00e0 un compte de r\u00e9serve sp\u00e9ciale au passif de son bilan une somme \u00e9gale \u00e0 la d\u00e9duction, qui est r\u00e9int\u00e9gr\u00e9e au r\u00e9sultat en cas de changement d\u2019affectation de l\u2019\u0153uvre ou de l\u2019instrument de musique acquis.<\/p>\n\n\n\n<p><strong>Ce dispositif est prolong\u00e9 jusqu&rsquo;au 31 d\u00e9cembre 2025 <\/strong><em>[Amendement I-3407 du 7 octobre 2022 au PLF 2023 (n\u00b0273) travaill\u00e9 en collaboration avec La Maison des Artistes]<\/em><\/p>\n\n\n\n<p><\/p>\n","protected":false},"excerpt":{"rendered":"<p>ALAIN&nbsp;\u2013 MARIE PARMENTIER Sculpteur Plasticien11Bis Avenue Emile Boissier44000 Nantes ***** Incitation Fiscale 2023 **** Maison des Artistes n\u00b0 P309 235 &#8211; SIRET 444 424 063 00022 &#8211; APE9003A INCITATION FISCALE POUR L\u2019ACHAT D&rsquo;\u0152UVRES D&rsquo;ART PAR LES ENTREPRISES&nbsp; Pour faire entrer l\u2019art dans les entreprises, faire conna\u00eetre l\u2019art au grand public &hellip;<\/p>\n","protected":false},"author":5,"featured_media":0,"parent":0,"menu_order":0,"comment_status":"closed","ping_status":"closed","template":"","meta":{"footnotes":""},"class_list":["post-14","page","type-page","status-publish","hentry"],"yoast_head":"<!-- This site is optimized with the Yoast SEO plugin v27.2 - https:\/\/yoast.com\/product\/yoast-seo-wordpress\/ -->\n<title>Contact - Sculpteur<\/title>\n<meta name=\"robots\" content=\"index, follow, max-snippet:-1, max-image-preview:large, max-video-preview:-1\" \/>\n<link rel=\"canonical\" href=\"https:\/\/alain-marie.fr\/?page_id=14\" \/>\n<meta property=\"og:locale\" content=\"fr_FR\" \/>\n<meta property=\"og:type\" content=\"article\" \/>\n<meta property=\"og:title\" content=\"Contact - Sculpteur\" \/>\n<meta property=\"og:description\" content=\"ALAIN&nbsp;\u2013 MARIE PARMENTIER Sculpteur Plasticien11Bis Avenue Emile Boissier44000 Nantes ***** Incitation Fiscale 2023 **** Maison des Artistes n\u00b0 P309 235 &#8211; SIRET 444 424 063 00022 &#8211; APE9003A INCITATION FISCALE POUR L\u2019ACHAT D&rsquo;\u0152UVRES D&rsquo;ART PAR LES ENTREPRISES&nbsp; Pour faire entrer l\u2019art dans les entreprises, faire conna\u00eetre l\u2019art au grand public &hellip;\" \/>\n<meta property=\"og:url\" content=\"https:\/\/alain-marie.fr\/?page_id=14\" \/>\n<meta property=\"og:site_name\" content=\"Sculpteur\" \/>\n<meta property=\"article:modified_time\" content=\"2025-03-25T08:25:09+00:00\" \/>\n<meta property=\"og:image\" content=\"https:\/\/alain-marie.fr\/wp-content\/uploads\/2023\/03\/3-logo-adagp.png\" \/>\n\t<meta property=\"og:image:width\" content=\"1024\" \/>\n\t<meta property=\"og:image:height\" content=\"456\" \/>\n\t<meta property=\"og:image:type\" content=\"image\/png\" \/>\n<meta name=\"twitter:card\" content=\"summary_large_image\" \/>\n<meta name=\"twitter:label1\" content=\"Dur\u00e9e de lecture estim\u00e9e\" \/>\n\t<meta name=\"twitter:data1\" content=\"3 minutes\" \/>\n<script type=\"application\/ld+json\" class=\"yoast-schema-graph\">{\"@context\":\"https:\/\/schema.org\",\"@graph\":[{\"@type\":\"WebPage\",\"@id\":\"https:\/\/alain-marie.fr\/?page_id=14\",\"url\":\"https:\/\/alain-marie.fr\/?page_id=14\",\"name\":\"Contact - Sculpteur\",\"isPartOf\":{\"@id\":\"https:\/\/alain-marie.fr\/#website\"},\"primaryImageOfPage\":{\"@id\":\"https:\/\/alain-marie.fr\/?page_id=14#primaryimage\"},\"image\":{\"@id\":\"https:\/\/alain-marie.fr\/?page_id=14#primaryimage\"},\"thumbnailUrl\":\"https:\/\/alain-marie.fr\/wp-content\/uploads\/2023\/03\/3-logo-adagp.png\",\"datePublished\":\"2016-02-01T07:29:05+00:00\",\"dateModified\":\"2025-03-25T08:25:09+00:00\",\"breadcrumb\":{\"@id\":\"https:\/\/alain-marie.fr\/?page_id=14#breadcrumb\"},\"inLanguage\":\"fr-FR\",\"potentialAction\":[{\"@type\":\"ReadAction\",\"target\":[\"https:\/\/alain-marie.fr\/?page_id=14\"]}]},{\"@type\":\"ImageObject\",\"inLanguage\":\"fr-FR\",\"@id\":\"https:\/\/alain-marie.fr\/?page_id=14#primaryimage\",\"url\":\"https:\/\/alain-marie.fr\/wp-content\/uploads\/2023\/03\/3-logo-adagp.png\",\"contentUrl\":\"https:\/\/alain-marie.fr\/wp-content\/uploads\/2023\/03\/3-logo-adagp.png\",\"width\":1024,\"height\":456},{\"@type\":\"BreadcrumbList\",\"@id\":\"https:\/\/alain-marie.fr\/?page_id=14#breadcrumb\",\"itemListElement\":[{\"@type\":\"ListItem\",\"position\":1,\"name\":\"Accueil\",\"item\":\"https:\/\/alain-marie.fr\/\"},{\"@type\":\"ListItem\",\"position\":2,\"name\":\"Contact\"}]},{\"@type\":\"WebSite\",\"@id\":\"https:\/\/alain-marie.fr\/#website\",\"url\":\"https:\/\/alain-marie.fr\/\",\"name\":\"Sculpteur\",\"description\":\"Alain Marie Parmentier\",\"publisher\":{\"@id\":\"https:\/\/alain-marie.fr\/#organization\"},\"potentialAction\":[{\"@type\":\"SearchAction\",\"target\":{\"@type\":\"EntryPoint\",\"urlTemplate\":\"https:\/\/alain-marie.fr\/?s={search_term_string}\"},\"query-input\":{\"@type\":\"PropertyValueSpecification\",\"valueRequired\":true,\"valueName\":\"search_term_string\"}}],\"inLanguage\":\"fr-FR\"},{\"@type\":\"Organization\",\"@id\":\"https:\/\/alain-marie.fr\/#organization\",\"name\":\"Sculpteur\",\"url\":\"https:\/\/alain-marie.fr\/\",\"logo\":{\"@type\":\"ImageObject\",\"inLanguage\":\"fr-FR\",\"@id\":\"https:\/\/alain-marie.fr\/#\/schema\/logo\/image\/\",\"url\":\"https:\/\/alain-marie.fr\/wp-content\/uploads\/2023\/01\/image.png\",\"contentUrl\":\"https:\/\/alain-marie.fr\/wp-content\/uploads\/2023\/01\/image.png\",\"width\":1024,\"height\":746,\"caption\":\"Sculpteur\"},\"image\":{\"@id\":\"https:\/\/alain-marie.fr\/#\/schema\/logo\/image\/\"}}]}<\/script>\n<!-- \/ Yoast SEO plugin. -->","yoast_head_json":{"title":"Contact - Sculpteur","robots":{"index":"index","follow":"follow","max-snippet":"max-snippet:-1","max-image-preview":"max-image-preview:large","max-video-preview":"max-video-preview:-1"},"canonical":"https:\/\/alain-marie.fr\/?page_id=14","og_locale":"fr_FR","og_type":"article","og_title":"Contact - Sculpteur","og_description":"ALAIN&nbsp;\u2013 MARIE PARMENTIER Sculpteur Plasticien11Bis Avenue Emile Boissier44000 Nantes ***** Incitation Fiscale 2023 **** Maison des Artistes n\u00b0 P309 235 &#8211; SIRET 444 424 063 00022 &#8211; APE9003A INCITATION FISCALE POUR L\u2019ACHAT D&rsquo;\u0152UVRES D&rsquo;ART PAR LES ENTREPRISES&nbsp; Pour faire entrer l\u2019art dans les entreprises, faire conna\u00eetre l\u2019art au grand public &hellip;","og_url":"https:\/\/alain-marie.fr\/?page_id=14","og_site_name":"Sculpteur","article_modified_time":"2025-03-25T08:25:09+00:00","og_image":[{"width":1024,"height":456,"url":"https:\/\/alain-marie.fr\/wp-content\/uploads\/2023\/03\/3-logo-adagp.png","type":"image\/png"}],"twitter_card":"summary_large_image","twitter_misc":{"Dur\u00e9e de lecture estim\u00e9e":"3 minutes"},"schema":{"@context":"https:\/\/schema.org","@graph":[{"@type":"WebPage","@id":"https:\/\/alain-marie.fr\/?page_id=14","url":"https:\/\/alain-marie.fr\/?page_id=14","name":"Contact - Sculpteur","isPartOf":{"@id":"https:\/\/alain-marie.fr\/#website"},"primaryImageOfPage":{"@id":"https:\/\/alain-marie.fr\/?page_id=14#primaryimage"},"image":{"@id":"https:\/\/alain-marie.fr\/?page_id=14#primaryimage"},"thumbnailUrl":"https:\/\/alain-marie.fr\/wp-content\/uploads\/2023\/03\/3-logo-adagp.png","datePublished":"2016-02-01T07:29:05+00:00","dateModified":"2025-03-25T08:25:09+00:00","breadcrumb":{"@id":"https:\/\/alain-marie.fr\/?page_id=14#breadcrumb"},"inLanguage":"fr-FR","potentialAction":[{"@type":"ReadAction","target":["https:\/\/alain-marie.fr\/?page_id=14"]}]},{"@type":"ImageObject","inLanguage":"fr-FR","@id":"https:\/\/alain-marie.fr\/?page_id=14#primaryimage","url":"https:\/\/alain-marie.fr\/wp-content\/uploads\/2023\/03\/3-logo-adagp.png","contentUrl":"https:\/\/alain-marie.fr\/wp-content\/uploads\/2023\/03\/3-logo-adagp.png","width":1024,"height":456},{"@type":"BreadcrumbList","@id":"https:\/\/alain-marie.fr\/?page_id=14#breadcrumb","itemListElement":[{"@type":"ListItem","position":1,"name":"Accueil","item":"https:\/\/alain-marie.fr\/"},{"@type":"ListItem","position":2,"name":"Contact"}]},{"@type":"WebSite","@id":"https:\/\/alain-marie.fr\/#website","url":"https:\/\/alain-marie.fr\/","name":"Sculpteur","description":"Alain Marie Parmentier","publisher":{"@id":"https:\/\/alain-marie.fr\/#organization"},"potentialAction":[{"@type":"SearchAction","target":{"@type":"EntryPoint","urlTemplate":"https:\/\/alain-marie.fr\/?s={search_term_string}"},"query-input":{"@type":"PropertyValueSpecification","valueRequired":true,"valueName":"search_term_string"}}],"inLanguage":"fr-FR"},{"@type":"Organization","@id":"https:\/\/alain-marie.fr\/#organization","name":"Sculpteur","url":"https:\/\/alain-marie.fr\/","logo":{"@type":"ImageObject","inLanguage":"fr-FR","@id":"https:\/\/alain-marie.fr\/#\/schema\/logo\/image\/","url":"https:\/\/alain-marie.fr\/wp-content\/uploads\/2023\/01\/image.png","contentUrl":"https:\/\/alain-marie.fr\/wp-content\/uploads\/2023\/01\/image.png","width":1024,"height":746,"caption":"Sculpteur"},"image":{"@id":"https:\/\/alain-marie.fr\/#\/schema\/logo\/image\/"}}]}},"_links":{"self":[{"href":"https:\/\/alain-marie.fr\/index.php?rest_route=\/wp\/v2\/pages\/14","targetHints":{"allow":["GET"]}}],"collection":[{"href":"https:\/\/alain-marie.fr\/index.php?rest_route=\/wp\/v2\/pages"}],"about":[{"href":"https:\/\/alain-marie.fr\/index.php?rest_route=\/wp\/v2\/types\/page"}],"author":[{"embeddable":true,"href":"https:\/\/alain-marie.fr\/index.php?rest_route=\/wp\/v2\/users\/5"}],"replies":[{"embeddable":true,"href":"https:\/\/alain-marie.fr\/index.php?rest_route=%2Fwp%2Fv2%2Fcomments&post=14"}],"version-history":[{"count":126,"href":"https:\/\/alain-marie.fr\/index.php?rest_route=\/wp\/v2\/pages\/14\/revisions"}],"predecessor-version":[{"id":23227,"href":"https:\/\/alain-marie.fr\/index.php?rest_route=\/wp\/v2\/pages\/14\/revisions\/23227"}],"wp:attachment":[{"href":"https:\/\/alain-marie.fr\/index.php?rest_route=%2Fwp%2Fv2%2Fmedia&parent=14"}],"curies":[{"name":"wp","href":"https:\/\/api.w.org\/{rel}","templated":true}]}}