{"id":20,"date":"2016-02-01T09:24:39","date_gmt":"2016-02-01T08:24:39","guid":{"rendered":"http:\/\/alain-marie.fr\/?page_id=20"},"modified":"2023-03-03T18:32:30","modified_gmt":"2023-03-03T17:32:30","slug":"matiere-de-sources","status":"publish","type":"page","link":"https:\/\/alain-marie.fr\/?page_id=20","title":{"rendered":"Inspirations"},"content":{"rendered":"\n\n\n<div class=\"wp-block-group\"><div class=\"wp-block-group__inner-container is-layout-constrained wp-block-group-is-layout-constrained\">\n<p><span style=\"color: #e0e0e0;\">Les oeuvres d&rsquo;ALAIN-MARIE font corps avec la nature profonde, y prennent naissance pour communier avec les volumes pleins que sont les monts, les collines inspiratrices, les m\u00e9andres des cours d&rsquo;eau.<\/span><\/p>\n<p><span style=\"color: #e0e0e0;\">Sous l&#8217;emprise d&rsquo;une nature toujours pr\u00e9sente, cet h\u00e9ritage le conduit sans rel\u00e2che \u00e0 t\u00e9moigner du myst\u00e8re originel.<\/span><\/p>\n<p><\/p>\n<p><span style=\"color: #e0e0e0;\"><i>\u00ab\u00a0De la dame de Byblos \u00e0 la M\u00e9lusine fouillant la terre pour initier l&rsquo;homme, \u00e0 l&rsquo;\u00e9troite communion du Ternaire entre la Femme, l&rsquo;Homme et l&rsquo;Enfant, l&rsquo;oeuvre est l\u00e0, porteuse d&rsquo;esp\u00e9rance.\u00a0\u00bb<\/i> Louis-Roger<\/span><\/p>\n<\/div><\/div>\n\n\n\n\t\t<!-- MasterSlider -->\n\t\t<div id=\"P_MS6a07a6c9ca78c\" class=\"master-slider-parent msl ms-parent-id-6\" style=\"\">\n\n\t\t\t\n\t\t\t<!-- MasterSlider Main -->\n\t\t\t<div id=\"MS6a07a6c9ca78c\" class=\"master-slider ms-skin-default\" >\n\t\t\t\t \t\t\t\t \n\t\t\t\t<div  class=\"ms-slide\" data-delay=\"3\" data-fill-mode=\"fill\"  >\n\t\t\t\t\t<img decoding=\"async\" src=\"https:\/\/alain-marie.fr\/wp-content\/plugins\/master-slider\/public\/assets\/css\/blank.gif\" alt=\"\" title=\"\" data-src=\"https:\/\/alain-marie.fr\/wp-content\/uploads\/2016\/02\/jardin-sculpture-1300x900.jpg\" \/>\n\n\n\t<div class=\"ms-thumb\" ><div class=\"ms-tab-context\"><div class=\"&quot;ms-tab-context&quot;\"><\/div><\/div>\n<\/div>\n\t\t\t\t<\/div>\n\t\t\t\t<div  class=\"ms-slide\" data-delay=\"3\" data-fill-mode=\"fill\"  >\n\t\t\t\t\t<img decoding=\"async\" src=\"https:\/\/alain-marie.fr\/wp-content\/plugins\/master-slider\/public\/assets\/css\/blank.gif\" alt=\"\" title=\"\" data-src=\"https:\/\/alain-marie.fr\/wp-content\/uploads\/2016\/02\/vosges-1300x900.jpg\" \/>\n\n\n\t<div class=\"ms-thumb\" ><div class=\"ms-tab-context\"><div class=\"&quot;ms-tab-context&quot;\"><\/div><\/div>\n<\/div>\n\t\t\t\t<\/div>\n\t\t\t\t<div  class=\"ms-slide\" data-delay=\"3\" data-fill-mode=\"fill\"  >\n\t\t\t\t\t<img decoding=\"async\" src=\"https:\/\/alain-marie.fr\/wp-content\/plugins\/master-slider\/public\/assets\/css\/blank.gif\" alt=\"\" title=\"\" data-src=\"https:\/\/alain-marie.fr\/wp-content\/uploads\/2016\/02\/vosges-full-1300x900.jpg\" \/>\n\n\n\t<div class=\"ms-thumb\" ><div class=\"ms-tab-context\"><div class=\"&quot;ms-tab-context&quot;\"><\/div><\/div>\n<\/div>\n\t\t\t\t<\/div>\n\t\t\t\t<div  class=\"ms-slide\" data-delay=\"3\" data-fill-mode=\"fill\"  >\n\t\t\t\t\t<img decoding=\"async\" src=\"https:\/\/alain-marie.fr\/wp-content\/plugins\/master-slider\/public\/assets\/css\/blank.gif\" alt=\"\" title=\"\" data-src=\"https:\/\/alain-marie.fr\/wp-content\/uploads\/2016\/02\/grange-1300x900.jpg\" \/>\n\n\n\t<div class=\"ms-thumb\" ><div class=\"ms-tab-context\"><div class=\"&quot;ms-tab-context&quot;\"><\/div><\/div>\n<\/div>\n\t\t\t\t<\/div>\n\t\t\t\t<div  class=\"ms-slide\" data-delay=\"3\" data-fill-mode=\"fill\"  >\n\t\t\t\t\t<img decoding=\"async\" src=\"https:\/\/alain-marie.fr\/wp-content\/plugins\/master-slider\/public\/assets\/css\/blank.gif\" alt=\"\" title=\"\" data-src=\"https:\/\/alain-marie.fr\/wp-content\/uploads\/2016\/02\/foret-1300x900.jpg\" \/>\n\n\n\t<div class=\"ms-thumb\" ><div class=\"ms-tab-context\"><div class=\"&quot;ms-tab-context&quot;\"><\/div><\/div>\n<\/div>\n\t\t\t\t<\/div>\n\t\t\t\t<div  class=\"ms-slide\" data-delay=\"3\" data-fill-mode=\"fill\"  >\n\t\t\t\t\t<img decoding=\"async\" src=\"https:\/\/alain-marie.fr\/wp-content\/plugins\/master-slider\/public\/assets\/css\/blank.gif\" alt=\"\" title=\"\" data-src=\"https:\/\/alain-marie.fr\/wp-content\/uploads\/2016\/02\/fleuve-1300x900.jpg\" \/>\n\n\n\t<div class=\"ms-thumb\" ><div class=\"ms-tab-context\"><div class=\"&quot;ms-tab-context&quot;\"><\/div><\/div>\n<\/div>\n\t\t\t\t<\/div>\n\t\t\t\t<div  class=\"ms-slide\" data-delay=\"3\" data-fill-mode=\"fill\"  >\n\t\t\t\t\t<img decoding=\"async\" src=\"https:\/\/alain-marie.fr\/wp-content\/plugins\/master-slider\/public\/assets\/css\/blank.gif\" alt=\"\" title=\"\" data-src=\"https:\/\/alain-marie.fr\/wp-content\/uploads\/2016\/02\/vosges-alain-marie-parmentier-1300x900.jpg\" \/>\n\n\n\t<div class=\"ms-thumb\" ><div class=\"ms-tab-context\"><div class=\"&quot;ms-tab-context&quot;\"><\/div><\/div>\n<\/div>\n\t\t\t\t<\/div>\n\n\t\t\t<\/div>\n\t\t\t<!-- END MasterSlider Main -->\n\n\t\t\t \n\t\t<\/div>\n\t\t<!-- END MasterSlider -->\n\n\t\t<script>\n\t\t(function ( $ ) {\n\t\t\t\"use strict\";\n\n\t\t\t$(function () {\n\t\t\t\tvar masterslider_a78c = new MasterSlider();\n\n\t\t\t\t\/\/ slider controls\n\t\t\t\tmasterslider_a78c.control('arrows'     ,{ autohide:true, overVideo:true  });\n\t\t\t\t\/\/ slider setup\n\t\t\t\tmasterslider_a78c.setup(\"MS6a07a6c9ca78c\", {\n\t\t\t\t\t\twidth           : 1300,\n\t\t\t\t\t\theight          : 900,\n\t\t\t\t\t\tminHeight       : 0,\n\t\t\t\t\t\tspace           : 0,\n\t\t\t\t\t\tstart           : 1,\n\t\t\t\t\t\tgrabCursor      : false,\n\t\t\t\t\t\tswipe           : false,\n\t\t\t\t\t\tmouse           : false,\n\t\t\t\t\t\tlayout          : \"fullscreen\",\n\t\t\t\t\t\twheel           : false,\n\t\t\t\t\t\tautoplay        : true,\n\t\t\t\t\t\tinstantStartLayers:false,\n\t\t\t\t\t\tloop            : true,\n\t\t\t\t\t\tshuffle         : false,\n\t\t\t\t\t\tpreload         : 0,\n\t\t\t\t\t\theightLimit     : true,\n\t\t\t\t\t\tautoHeight      : false,\n\t\t\t\t\t\tsmoothHeight    : true,\n\t\t\t\t\t\tendPause        : false,\n\t\t\t\t\t\toverPause       : false,\n\t\t\t\t\t\tfillMode        : \"fill\",\n\t\t\t\t\t\tcenterControls  : true,\n\t\t\t\t\t\tstartOnAppear   : false,\n\t\t\t\t\t\tlayersMode      : \"center\",\n\t\t\t\t\t\thideLayers      : false,\n\t\t\t\t\t\tfullscreenMargin: 0,\n\t\t\t\t\t\tspeed           : 20,\n\t\t\t\t\t\tdir             : \"h\",\n\t\t\t\t\t\tparallaxMode    : 'swipe',\n\t\t\t\t\t\tview            : \"parallaxMask\"\n\t\t\t\t});\n\n\t\t\t\t\n\t\t\t\twindow.masterslider_instances = window.masterslider_instances || [];\n\t\t\t\twindow.masterslider_instances.push( masterslider_a78c );\n\t\t\t });\n\n\t\t})(jQuery);\n\t\t<\/script>\n\n\n","protected":false},"excerpt":{"rendered":"<p>Les oeuvres d&rsquo;ALAIN-MARIE font corps avec la nature profonde, y prennent naissance pour communier avec les volumes pleins que sont les monts, les collines inspiratrices, les m\u00e9andres des cours d&rsquo;eau. Sous l&#8217;emprise d&rsquo;une nature toujours pr\u00e9sente, cet h\u00e9ritage le conduit sans rel\u00e2che \u00e0 t\u00e9moigner du myst\u00e8re originel. \u00ab\u00a0De la dame &hellip;<\/p>\n","protected":false},"author":5,"featured_media":0,"parent":0,"menu_order":0,"comment_status":"closed","ping_status":"closed","template":"","meta":{"footnotes":""},"class_list":["post-20","page","type-page","status-publish","hentry"],"yoast_head":"<!-- This site is optimized with the Yoast SEO plugin v27.2 - https:\/\/yoast.com\/product\/yoast-seo-wordpress\/ -->\n<title>Inspirations - Sculpteur<\/title>\n<meta name=\"robots\" content=\"index, follow, max-snippet:-1, max-image-preview:large, max-video-preview:-1\" \/>\n<link rel=\"canonical\" href=\"https:\/\/alain-marie.fr\/?page_id=20\" \/>\n<meta property=\"og:locale\" content=\"fr_FR\" \/>\n<meta property=\"og:type\" content=\"article\" \/>\n<meta property=\"og:title\" content=\"Inspirations - Sculpteur\" \/>\n<meta property=\"og:description\" content=\"Les oeuvres d&rsquo;ALAIN-MARIE font corps avec la nature profonde, y prennent naissance pour communier avec les volumes pleins que sont les monts, les collines inspiratrices, les m\u00e9andres des cours d&rsquo;eau. Sous l&#8217;emprise d&rsquo;une nature toujours pr\u00e9sente, cet h\u00e9ritage le conduit sans rel\u00e2che \u00e0 t\u00e9moigner du myst\u00e8re originel. \u00ab\u00a0De la dame &hellip;\" \/>\n<meta property=\"og:url\" content=\"https:\/\/alain-marie.fr\/?page_id=20\" \/>\n<meta property=\"og:site_name\" content=\"Sculpteur\" \/>\n<meta property=\"article:modified_time\" content=\"2023-03-03T17:32:30+00:00\" \/>\n<meta name=\"twitter:card\" content=\"summary_large_image\" \/>\n<script type=\"application\/ld+json\" class=\"yoast-schema-graph\">{\"@context\":\"https:\/\/schema.org\",\"@graph\":[{\"@type\":\"WebPage\",\"@id\":\"https:\/\/alain-marie.fr\/?page_id=20\",\"url\":\"https:\/\/alain-marie.fr\/?page_id=20\",\"name\":\"Inspirations - Sculpteur\",\"isPartOf\":{\"@id\":\"https:\/\/alain-marie.fr\/#website\"},\"datePublished\":\"2016-02-01T08:24:39+00:00\",\"dateModified\":\"2023-03-03T17:32:30+00:00\",\"breadcrumb\":{\"@id\":\"https:\/\/alain-marie.fr\/?page_id=20#breadcrumb\"},\"inLanguage\":\"fr-FR\",\"potentialAction\":[{\"@type\":\"ReadAction\",\"target\":[\"https:\/\/alain-marie.fr\/?page_id=20\"]}]},{\"@type\":\"BreadcrumbList\",\"@id\":\"https:\/\/alain-marie.fr\/?page_id=20#breadcrumb\",\"itemListElement\":[{\"@type\":\"ListItem\",\"position\":1,\"name\":\"Accueil\",\"item\":\"https:\/\/alain-marie.fr\/\"},{\"@type\":\"ListItem\",\"position\":2,\"name\":\"Inspirations\"}]},{\"@type\":\"WebSite\",\"@id\":\"https:\/\/alain-marie.fr\/#website\",\"url\":\"https:\/\/alain-marie.fr\/\",\"name\":\"Sculpteur\",\"description\":\"Alain Marie Parmentier\",\"publisher\":{\"@id\":\"https:\/\/alain-marie.fr\/#organization\"},\"potentialAction\":[{\"@type\":\"SearchAction\",\"target\":{\"@type\":\"EntryPoint\",\"urlTemplate\":\"https:\/\/alain-marie.fr\/?s={search_term_string}\"},\"query-input\":{\"@type\":\"PropertyValueSpecification\",\"valueRequired\":true,\"valueName\":\"search_term_string\"}}],\"inLanguage\":\"fr-FR\"},{\"@type\":\"Organization\",\"@id\":\"https:\/\/alain-marie.fr\/#organization\",\"name\":\"Sculpteur\",\"url\":\"https:\/\/alain-marie.fr\/\",\"logo\":{\"@type\":\"ImageObject\",\"inLanguage\":\"fr-FR\",\"@id\":\"https:\/\/alain-marie.fr\/#\/schema\/logo\/image\/\",\"url\":\"https:\/\/alain-marie.fr\/wp-content\/uploads\/2023\/01\/image.png\",\"contentUrl\":\"https:\/\/alain-marie.fr\/wp-content\/uploads\/2023\/01\/image.png\",\"width\":1024,\"height\":746,\"caption\":\"Sculpteur\"},\"image\":{\"@id\":\"https:\/\/alain-marie.fr\/#\/schema\/logo\/image\/\"}}]}<\/script>\n<!-- \/ Yoast SEO plugin. -->","yoast_head_json":{"title":"Inspirations - Sculpteur","robots":{"index":"index","follow":"follow","max-snippet":"max-snippet:-1","max-image-preview":"max-image-preview:large","max-video-preview":"max-video-preview:-1"},"canonical":"https:\/\/alain-marie.fr\/?page_id=20","og_locale":"fr_FR","og_type":"article","og_title":"Inspirations - Sculpteur","og_description":"Les oeuvres d&rsquo;ALAIN-MARIE font corps avec la nature profonde, y prennent naissance pour communier avec les volumes pleins que sont les monts, les collines inspiratrices, les m\u00e9andres des cours d&rsquo;eau. Sous l&#8217;emprise d&rsquo;une nature toujours pr\u00e9sente, cet h\u00e9ritage le conduit sans rel\u00e2che \u00e0 t\u00e9moigner du myst\u00e8re originel. \u00ab\u00a0De la dame &hellip;","og_url":"https:\/\/alain-marie.fr\/?page_id=20","og_site_name":"Sculpteur","article_modified_time":"2023-03-03T17:32:30+00:00","twitter_card":"summary_large_image","schema":{"@context":"https:\/\/schema.org","@graph":[{"@type":"WebPage","@id":"https:\/\/alain-marie.fr\/?page_id=20","url":"https:\/\/alain-marie.fr\/?page_id=20","name":"Inspirations - Sculpteur","isPartOf":{"@id":"https:\/\/alain-marie.fr\/#website"},"datePublished":"2016-02-01T08:24:39+00:00","dateModified":"2023-03-03T17:32:30+00:00","breadcrumb":{"@id":"https:\/\/alain-marie.fr\/?page_id=20#breadcrumb"},"inLanguage":"fr-FR","potentialAction":[{"@type":"ReadAction","target":["https:\/\/alain-marie.fr\/?page_id=20"]}]},{"@type":"BreadcrumbList","@id":"https:\/\/alain-marie.fr\/?page_id=20#breadcrumb","itemListElement":[{"@type":"ListItem","position":1,"name":"Accueil","item":"https:\/\/alain-marie.fr\/"},{"@type":"ListItem","position":2,"name":"Inspirations"}]},{"@type":"WebSite","@id":"https:\/\/alain-marie.fr\/#website","url":"https:\/\/alain-marie.fr\/","name":"Sculpteur","description":"Alain Marie Parmentier","publisher":{"@id":"https:\/\/alain-marie.fr\/#organization"},"potentialAction":[{"@type":"SearchAction","target":{"@type":"EntryPoint","urlTemplate":"https:\/\/alain-marie.fr\/?s={search_term_string}"},"query-input":{"@type":"PropertyValueSpecification","valueRequired":true,"valueName":"search_term_string"}}],"inLanguage":"fr-FR"},{"@type":"Organization","@id":"https:\/\/alain-marie.fr\/#organization","name":"Sculpteur","url":"https:\/\/alain-marie.fr\/","logo":{"@type":"ImageObject","inLanguage":"fr-FR","@id":"https:\/\/alain-marie.fr\/#\/schema\/logo\/image\/","url":"https:\/\/alain-marie.fr\/wp-content\/uploads\/2023\/01\/image.png","contentUrl":"https:\/\/alain-marie.fr\/wp-content\/uploads\/2023\/01\/image.png","width":1024,"height":746,"caption":"Sculpteur"},"image":{"@id":"https:\/\/alain-marie.fr\/#\/schema\/logo\/image\/"}}]}},"_links":{"self":[{"href":"https:\/\/alain-marie.fr\/index.php?rest_route=\/wp\/v2\/pages\/20","targetHints":{"allow":["GET"]}}],"collection":[{"href":"https:\/\/alain-marie.fr\/index.php?rest_route=\/wp\/v2\/pages"}],"about":[{"href":"https:\/\/alain-marie.fr\/index.php?rest_route=\/wp\/v2\/types\/page"}],"author":[{"embeddable":true,"href":"https:\/\/alain-marie.fr\/index.php?rest_route=\/wp\/v2\/users\/5"}],"replies":[{"embeddable":true,"href":"https:\/\/alain-marie.fr\/index.php?rest_route=%2Fwp%2Fv2%2Fcomments&post=20"}],"version-history":[{"count":17,"href":"https:\/\/alain-marie.fr\/index.php?rest_route=\/wp\/v2\/pages\/20\/revisions"}],"predecessor-version":[{"id":21646,"href":"https:\/\/alain-marie.fr\/index.php?rest_route=\/wp\/v2\/pages\/20\/revisions\/21646"}],"wp:attachment":[{"href":"https:\/\/alain-marie.fr\/index.php?rest_route=%2Fwp%2Fv2%2Fmedia&parent=20"}],"curies":[{"name":"wp","href":"https:\/\/api.w.org\/{rel}","templated":true}]}}